{"id":80,"date":"2020-05-04T18:37:40","date_gmt":"2020-05-04T18:37:40","guid":{"rendered":"https:\/\/test.franparrado.es\/?page_id=80"},"modified":"2024-05-22T09:34:23","modified_gmt":"2024-05-22T09:34:23","slug":"noticias","status":"publish","type":"page","link":"https:\/\/gomezcornejo.com\/en\/noticias\/","title":{"rendered":"News"},"content":{"rendered":"<div data-elementor-type=\"wp-page\" data-elementor-id=\"80\" class=\"elementor elementor-80\" data-elementor-post-type=\"page\">\n\t\t\t\t\t\t<section class=\"elementor-section elementor-top-section elementor-element elementor-element-4ba30bae elementor-section-boxed elementor-section-height-default elementor-section-height-default\" data-id=\"4ba30bae\" data-element_type=\"section\" data-settings=\"{&quot;jet_parallax_layout_list&quot;:[{&quot;jet_parallax_layout_image&quot;:{&quot;url&quot;:&quot;&quot;,&quot;id&quot;:&quot;&quot;,&quot;size&quot;:&quot;&quot;},&quot;_id&quot;:&quot;6212138&quot;,&quot;jet_parallax_layout_image_tablet&quot;:{&quot;url&quot;:&quot;&quot;,&quot;id&quot;:&quot;&quot;,&quot;size&quot;:&quot;&quot;},&quot;jet_parallax_layout_image_mobile&quot;:{&quot;url&quot;:&quot;&quot;,&quot;id&quot;:&quot;&quot;,&quot;size&quot;:&quot;&quot;},&quot;jet_parallax_layout_speed&quot;:{&quot;unit&quot;:&quot;%&quot;,&quot;size&quot;:50,&quot;sizes&quot;:[]},&quot;jet_parallax_layout_type&quot;:&quot;scroll&quot;,&quot;jet_parallax_layout_direction&quot;:null,&quot;jet_parallax_layout_fx_direction&quot;:null,&quot;jet_parallax_layout_z_index&quot;:&quot;&quot;,&quot;jet_parallax_layout_bg_x&quot;:50,&quot;jet_parallax_layout_bg_y&quot;:50,&quot;jet_parallax_layout_bg_size&quot;:&quot;auto&quot;,&quot;jet_parallax_layout_animation_prop&quot;:&quot;transform&quot;,&quot;jet_parallax_layout_on&quot;:[&quot;desktop&quot;,&quot;tablet&quot;],&quot;jet_parallax_layout_bg_x_tablet&quot;:&quot;&quot;,&quot;jet_parallax_layout_bg_x_mobile&quot;:&quot;&quot;,&quot;jet_parallax_layout_bg_y_tablet&quot;:&quot;&quot;,&quot;jet_parallax_layout_bg_y_mobile&quot;:&quot;&quot;,&quot;jet_parallax_layout_bg_size_tablet&quot;:&quot;&quot;,&quot;jet_parallax_layout_bg_size_mobile&quot;:&quot;&quot;}]}\">\n\t\t\t\t\t\t<div class=\"elementor-container elementor-column-gap-default\">\n\t\t\t\t\t<div class=\"elementor-column elementor-col-100 elementor-top-column elementor-element elementor-element-14c03c24\" data-id=\"14c03c24\" data-element_type=\"column\">\n\t\t\t<div class=\"elementor-widget-wrap elementor-element-populated\">\n\t\t\t\t\t\t<section class=\"elementor-section elementor-inner-section elementor-element elementor-element-192fdb62 elementor-reverse-mobile elementor-section-boxed elementor-section-height-default elementor-section-height-default\" data-id=\"192fdb62\" data-element_type=\"section\" data-settings=\"{&quot;jet_parallax_layout_list&quot;:[{&quot;jet_parallax_layout_image&quot;:{&quot;url&quot;:&quot;&quot;,&quot;id&quot;:&quot;&quot;,&quot;size&quot;:&quot;&quot;},&quot;_id&quot;:&quot;33d9102&quot;,&quot;jet_parallax_layout_image_tablet&quot;:{&quot;url&quot;:&quot;&quot;,&quot;id&quot;:&quot;&quot;,&quot;size&quot;:&quot;&quot;},&quot;jet_parallax_layout_image_mobile&quot;:{&quot;url&quot;:&quot;&quot;,&quot;id&quot;:&quot;&quot;,&quot;size&quot;:&quot;&quot;},&quot;jet_parallax_layout_speed&quot;:{&quot;unit&quot;:&quot;%&quot;,&quot;size&quot;:50,&quot;sizes&quot;:[]},&quot;jet_parallax_layout_type&quot;:&quot;scroll&quot;,&quot;jet_parallax_layout_direction&quot;:null,&quot;jet_parallax_layout_fx_direction&quot;:null,&quot;jet_parallax_layout_z_index&quot;:&quot;&quot;,&quot;jet_parallax_layout_bg_x&quot;:50,&quot;jet_parallax_layout_bg_y&quot;:50,&quot;jet_parallax_layout_bg_size&quot;:&quot;auto&quot;,&quot;jet_parallax_layout_animation_prop&quot;:&quot;transform&quot;,&quot;jet_parallax_layout_on&quot;:[&quot;desktop&quot;,&quot;tablet&quot;],&quot;jet_parallax_layout_bg_x_tablet&quot;:&quot;&quot;,&quot;jet_parallax_layout_bg_x_mobile&quot;:&quot;&quot;,&quot;jet_parallax_layout_bg_y_tablet&quot;:&quot;&quot;,&quot;jet_parallax_layout_bg_y_mobile&quot;:&quot;&quot;,&quot;jet_parallax_layout_bg_size_tablet&quot;:&quot;&quot;,&quot;jet_parallax_layout_bg_size_mobile&quot;:&quot;&quot;}]}\">\n\t\t\t\t\t\t<div class=\"elementor-container elementor-column-gap-default\">\n\t\t\t\t\t<div class=\"elementor-column elementor-col-100 elementor-inner-column elementor-element elementor-element-6244ea3\" data-id=\"6244ea3\" data-element_type=\"column\">\n\t\t\t<div class=\"elementor-widget-wrap elementor-element-populated\">\n\t\t\t\t\t\t<div class=\"elementor-element elementor-element-5c7b7a84 elementor-widget elementor-widget-heading\" data-id=\"5c7b7a84\" data-element_type=\"widget\" data-widget_type=\"heading.default\">\n\t\t\t\t<div class=\"elementor-widget-container\">\n\t\t\t<h2 class=\"elementor-heading-title elementor-size-default\">NEWS<\/h2>\t\t<\/div>\n\t\t\t\t<\/div>\n\t\t\t\t\t<\/div>\n\t\t<\/div>\n\t\t\t\t\t<\/div>\n\t\t<\/section>\n\t\t\t\t<div class=\"elementor-element elementor-element-65b906f3 elementor-posts--align-center elementor-grid-3 elementor-grid-tablet-2 elementor-grid-mobile-1 elementor-posts--thumbnail-top elementor-card-shadow-yes elementor-posts__hover-gradient elementor-widget elementor-widget-posts\" data-id=\"65b906f3\" data-element_type=\"widget\" data-settings=\"{&quot;pagination_type&quot;:&quot;numbers&quot;,&quot;cards_columns&quot;:&quot;3&quot;,&quot;cards_columns_tablet&quot;:&quot;2&quot;,&quot;cards_columns_mobile&quot;:&quot;1&quot;,&quot;cards_row_gap&quot;:{&quot;unit&quot;:&quot;px&quot;,&quot;size&quot;:35,&quot;sizes&quot;:[]},&quot;cards_row_gap_tablet&quot;:{&quot;unit&quot;:&quot;px&quot;,&quot;size&quot;:&quot;&quot;,&quot;sizes&quot;:[]},&quot;cards_row_gap_mobile&quot;:{&quot;unit&quot;:&quot;px&quot;,&quot;size&quot;:&quot;&quot;,&quot;sizes&quot;:[]}}\" data-widget_type=\"posts.cards\">\n\t\t\t\t<div class=\"elementor-widget-container\">\n\t\t\t\t\t<div class=\"elementor-posts-container elementor-posts elementor-posts--skin-cards elementor-grid\">\n\t\t\t\t<article class=\"elementor-post elementor-grid-item post-9312 post type-post status-publish format-standard has-post-thumbnail hentry category-noticias\">\n\t\t\t<div class=\"elementor-post__card\">\n\t\t\t\t<a class=\"elementor-post__thumbnail__link\" href=\"https:\/\/gomezcornejo.com\/en\/pineda-patricia-guerrero-alfonso-losa-juan-gomez-cornejo\/\" tabindex=\"-1\" ><div class=\"elementor-post__thumbnail\"><img fetchpriority=\"high\" decoding=\"async\" width=\"300\" height=\"300\" src=\"https:\/\/gomezcornejo.com\/wp-content\/uploads\/2025\/02\/RNE-Pineda-300x300.jpeg\" class=\"attachment-medium size-medium wp-image-9323\" alt=\"\" srcset=\"https:\/\/gomezcornejo.com\/wp-content\/uploads\/2025\/02\/RNE-Pineda-300x300.jpeg 300w, https:\/\/gomezcornejo.com\/wp-content\/uploads\/2025\/02\/RNE-Pineda-150x150.jpeg 150w, https:\/\/gomezcornejo.com\/wp-content\/uploads\/2025\/02\/RNE-Pineda-12x12.jpeg 12w, https:\/\/gomezcornejo.com\/wp-content\/uploads\/2025\/02\/RNE-Pineda.jpeg 320w\" sizes=\"(max-width: 300px) 100vw, 300px\" \/><\/div><\/a>\n\t\t\t\t<div class=\"elementor-post__text\">\n\t\t\t\t<h3 class=\"elementor-post__title\">\n\t\t\t<a href=\"https:\/\/gomezcornejo.com\/en\/pineda-patricia-guerrero-alfonso-losa-juan-gomez-cornejo\/\" >\n\t\t\t\t&#8216;Pineda&#8217;: Patricia Guerrero, Alfonso Losa, Juan G\u00f3mez Cornejo\t\t\t<\/a>\n\t\t<\/h3>\n\t\t\t\t<div class=\"elementor-post__excerpt\">\n\t\t\t<p>\u00a0 \u00a0 \u00a0 \u00a0 La Sala RNE &#8216;Pineda&#8217;: Patricia Guerrero, Alfonso Losa, Juan G\u00f3mez Cornejo Pineda (Romance popular en tres estampas), con direcci\u00f3n y coreograf\u00eda<\/p>\n\t\t<\/div>\n\t\t\n\t\t<a class=\"elementor-post__read-more\" href=\"https:\/\/gomezcornejo.com\/en\/pineda-patricia-guerrero-alfonso-losa-juan-gomez-cornejo\/\" aria-label=\"Read more about &#8216;Pineda&#8217;: Patricia Guerrero, Alfonso Losa, Juan G\u00f3mez Cornejo\" tabindex=\"-1\" >\n\t\t\tLeer m\u00e1s \u00bb\t\t<\/a>\n\n\t\t\t\t<\/div>\n\t\t\t\t\t<\/div>\n\t\t<\/article>\n\t\t\t\t<article class=\"elementor-post elementor-grid-item post-8961 post type-post status-publish format-standard has-post-thumbnail hentry category-noticias\">\n\t\t\t<div class=\"elementor-post__card\">\n\t\t\t\t<a class=\"elementor-post__thumbnail__link\" href=\"https:\/\/gomezcornejo.com\/en\/evento-plushablamos-con-juan-gomez-cornejo-uno-de-los-mejores-iluminadores-de-espana\/\" tabindex=\"-1\" ><div class=\"elementor-post__thumbnail\"><img decoding=\"async\" width=\"300\" height=\"300\" src=\"https:\/\/gomezcornejo.com\/wp-content\/uploads\/2024\/12\/Evento-Plus-Foto-300x300.webp\" class=\"attachment-medium size-medium wp-image-8963\" alt=\"\" srcset=\"https:\/\/gomezcornejo.com\/wp-content\/uploads\/2024\/12\/Evento-Plus-Foto-300x300.webp 300w, https:\/\/gomezcornejo.com\/wp-content\/uploads\/2024\/12\/Evento-Plus-Foto-150x150.webp 150w, https:\/\/gomezcornejo.com\/wp-content\/uploads\/2024\/12\/Evento-Plus-Foto-768x768.webp 768w, https:\/\/gomezcornejo.com\/wp-content\/uploads\/2024\/12\/Evento-Plus-Foto-12x12.webp 12w, https:\/\/gomezcornejo.com\/wp-content\/uploads\/2024\/12\/Evento-Plus-Foto.webp 1024w\" sizes=\"(max-width: 300px) 100vw, 300px\" \/><\/div><\/a>\n\t\t\t\t<div class=\"elementor-post__text\">\n\t\t\t\t<h3 class=\"elementor-post__title\">\n\t\t\t<a href=\"https:\/\/gomezcornejo.com\/en\/evento-plushablamos-con-juan-gomez-cornejo-uno-de-los-mejores-iluminadores-de-espana\/\" >\n\t\t\t\tEvento Plus:Hablamos con Juan G\u00f3mez Cornejo, uno de los mejores iluminadores de Espa\u00f1a\t\t\t<\/a>\n\t\t<\/h3>\n\t\t\t\t<div class=\"elementor-post__excerpt\">\n\t\t\t<p>\u00a0 \u00a0 \u00a0 \u00a0 \u00a0 \u00a0 Eventoplus.com entrevista\u00a0 a Juan G\u00f3mez-Cornejo\u00a0 Dentro de los m\u00faltiples componentes de nuestro trabajo a los cuales tendr\u00edamos que dedicar<\/p>\n\t\t<\/div>\n\t\t\n\t\t<a class=\"elementor-post__read-more\" href=\"https:\/\/gomezcornejo.com\/en\/evento-plushablamos-con-juan-gomez-cornejo-uno-de-los-mejores-iluminadores-de-espana\/\" aria-label=\"Read more about Evento Plus:Hablamos con Juan G\u00f3mez Cornejo, uno de los mejores iluminadores de Espa\u00f1a\" tabindex=\"-1\" >\n\t\t\tLeer m\u00e1s \u00bb\t\t<\/a>\n\n\t\t\t\t<\/div>\n\t\t\t\t\t<\/div>\n\t\t<\/article>\n\t\t\t\t<article class=\"elementor-post elementor-grid-item post-8950 post type-post status-publish format-standard has-post-thumbnail hentry category-noticias\">\n\t\t\t<div class=\"elementor-post__card\">\n\t\t\t\t<a class=\"elementor-post__thumbnail__link\" href=\"https:\/\/gomezcornejo.com\/en\/juan-gomez-cornejo-socio-de-honor-de-la-aai\/\" tabindex=\"-1\" ><div class=\"elementor-post__thumbnail\"><img decoding=\"async\" width=\"300\" height=\"204\" src=\"https:\/\/gomezcornejo.com\/wp-content\/uploads\/2024\/12\/Juan-en-la-sala-verde-300x204.jpeg\" class=\"attachment-medium size-medium wp-image-8952\" alt=\"\" srcset=\"https:\/\/gomezcornejo.com\/wp-content\/uploads\/2024\/12\/Juan-en-la-sala-verde-300x204.jpeg 300w, https:\/\/gomezcornejo.com\/wp-content\/uploads\/2024\/12\/Juan-en-la-sala-verde-1024x695.jpeg 1024w, https:\/\/gomezcornejo.com\/wp-content\/uploads\/2024\/12\/Juan-en-la-sala-verde-768x522.jpeg 768w, https:\/\/gomezcornejo.com\/wp-content\/uploads\/2024\/12\/Juan-en-la-sala-verde-18x12.jpeg 18w, https:\/\/gomezcornejo.com\/wp-content\/uploads\/2024\/12\/Juan-en-la-sala-verde.jpeg 1200w\" sizes=\"(max-width: 300px) 100vw, 300px\" \/><\/div><\/a>\n\t\t\t\t<div class=\"elementor-post__text\">\n\t\t\t\t<h3 class=\"elementor-post__title\">\n\t\t\t<a href=\"https:\/\/gomezcornejo.com\/en\/juan-gomez-cornejo-socio-de-honor-de-la-aai\/\" >\n\t\t\t\tJuan G\u00f3mez-Cornejo \u00abEs ins\u00f3lito que en Espa\u00f1a no exista una ense\u00f1anza reglada de iluminaci\u00f3n\u00bb\t\t\t<\/a>\n\t\t<\/h3>\n\t\t\t\t<div class=\"elementor-post__excerpt\">\n\t\t\t<p>Juan G\u00f3mez-Cornejo: socio de honor de la AAI.\u00a0 El iluminador valdepe\u00f1ero Juan G\u00f3mez Cornejo ha sido entrevistado por el Pa\u00eds cuando ha sido nombrado Socio<\/p>\n\t\t<\/div>\n\t\t\n\t\t<a class=\"elementor-post__read-more\" href=\"https:\/\/gomezcornejo.com\/en\/juan-gomez-cornejo-socio-de-honor-de-la-aai\/\" aria-label=\"Read more about Juan G\u00f3mez-Cornejo \u00abEs ins\u00f3lito que en Espa\u00f1a no exista una ense\u00f1anza reglada de iluminaci\u00f3n\u00bb\" tabindex=\"-1\" >\n\t\t\tLeer m\u00e1s \u00bb\t\t<\/a>\n\n\t\t\t\t<\/div>\n\t\t\t\t\t<\/div>\n\t\t<\/article>\n\t\t\t\t<article class=\"elementor-post elementor-grid-item post-8598 post type-post status-publish format-standard has-post-thumbnail hentry category-noticias\">\n\t\t\t<div class=\"elementor-post__card\">\n\t\t\t\t<a class=\"elementor-post__thumbnail__link\" href=\"https:\/\/gomezcornejo.com\/en\/la-luz-es-un-vehiculo-para-contar-historias-de-forma-poetica\/\" tabindex=\"-1\" ><div class=\"elementor-post__thumbnail\"><img loading=\"lazy\" decoding=\"async\" width=\"300\" height=\"169\" src=\"https:\/\/gomezcornejo.com\/wp-content\/uploads\/2024\/09\/4e69e353-411a-4f2c-bcd1-3d117891463c-300x169.jpg\" class=\"attachment-medium size-medium wp-image-8599\" alt=\"\" srcset=\"https:\/\/gomezcornejo.com\/wp-content\/uploads\/2024\/09\/4e69e353-411a-4f2c-bcd1-3d117891463c-300x169.jpg 300w, https:\/\/gomezcornejo.com\/wp-content\/uploads\/2024\/09\/4e69e353-411a-4f2c-bcd1-3d117891463c-1024x576.jpg 1024w, https:\/\/gomezcornejo.com\/wp-content\/uploads\/2024\/09\/4e69e353-411a-4f2c-bcd1-3d117891463c-768x432.jpg 768w, https:\/\/gomezcornejo.com\/wp-content\/uploads\/2024\/09\/4e69e353-411a-4f2c-bcd1-3d117891463c-1536x864.jpg 1536w, https:\/\/gomezcornejo.com\/wp-content\/uploads\/2024\/09\/4e69e353-411a-4f2c-bcd1-3d117891463c.jpg 1600w\" sizes=\"(max-width: 300px) 100vw, 300px\" \/><\/div><\/a>\n\t\t\t\t<div class=\"elementor-post__text\">\n\t\t\t\t<h3 class=\"elementor-post__title\">\n\t\t\t<a href=\"https:\/\/gomezcornejo.com\/en\/la-luz-es-un-vehiculo-para-contar-historias-de-forma-poetica\/\" >\n\t\t\t\tJuan G\u00f3mez-Cornejo hijo predilecto de Valdepe\u00f1as\t\t\t<\/a>\n\t\t<\/h3>\n\t\t\t\t<div class=\"elementor-post__excerpt\">\n\t\t\t<p>\u00a0 Juan G\u00f3mez-Cornejo hijo predilecto de Valdepe\u00f1as El iluminador valdepe\u00f1ero Juan G\u00f3mez Cornejo ha sido nombrado Hijo Predilecto de Valdepe\u00f1as durante el acto institucional de<\/p>\n\t\t<\/div>\n\t\t\n\t\t<a class=\"elementor-post__read-more\" href=\"https:\/\/gomezcornejo.com\/en\/la-luz-es-un-vehiculo-para-contar-historias-de-forma-poetica\/\" aria-label=\"Read more about Juan G\u00f3mez-Cornejo hijo predilecto de Valdepe\u00f1as\" tabindex=\"-1\" >\n\t\t\tLeer m\u00e1s \u00bb\t\t<\/a>\n\n\t\t\t\t<\/div>\n\t\t\t\t\t<\/div>\n\t\t<\/article>\n\t\t\t\t<article class=\"elementor-post elementor-grid-item post-8590 post type-post status-publish format-standard has-post-thumbnail hentry category-noticias\">\n\t\t\t<div class=\"elementor-post__card\">\n\t\t\t\t<a class=\"elementor-post__thumbnail__link\" href=\"https:\/\/gomezcornejo.com\/en\/el-ministerio-de-cultura-otorga-la-medalla-de-oro-al-merito-en-las-bellas-artes-a-juan-gomez-cornejo\/\" tabindex=\"-1\" ><div class=\"elementor-post__thumbnail\"><img loading=\"lazy\" decoding=\"async\" width=\"300\" height=\"171\" src=\"https:\/\/gomezcornejo.com\/wp-content\/uploads\/2024\/05\/Rigoletto-300x171.jpeg\" class=\"attachment-medium size-medium wp-image-8591\" alt=\"\" srcset=\"https:\/\/gomezcornejo.com\/wp-content\/uploads\/2024\/05\/Rigoletto-300x171.jpeg 300w, https:\/\/gomezcornejo.com\/wp-content\/uploads\/2024\/05\/Rigoletto-768x439.jpeg 768w, https:\/\/gomezcornejo.com\/wp-content\/uploads\/2024\/05\/Rigoletto.jpeg 980w\" sizes=\"(max-width: 300px) 100vw, 300px\" \/><\/div><\/a>\n\t\t\t\t<div class=\"elementor-post__text\">\n\t\t\t\t<h3 class=\"elementor-post__title\">\n\t\t\t<a href=\"https:\/\/gomezcornejo.com\/en\/el-ministerio-de-cultura-otorga-la-medalla-de-oro-al-merito-en-las-bellas-artes-a-juan-gomez-cornejo\/\" >\n\t\t\t\tLa luz es un veh\u00edculo para contar historias de forma po\u00e9tica.\t\t\t<\/a>\n\t\t<\/h3>\n\t\t\t\t<div class=\"elementor-post__excerpt\">\n\t\t\t<p>\u00a0 Interempresas entrevista al lighting designer Juan G\u00f3mez-Cornejo\u00a0 Juan G\u00f3mez-Cornejo es uno de los mayores exponentes de la iluminaci\u00f3n en artes esc\u00e9nicas en nuestro pa\u00eds.<\/p>\n\t\t<\/div>\n\t\t\n\t\t<a class=\"elementor-post__read-more\" href=\"https:\/\/gomezcornejo.com\/en\/el-ministerio-de-cultura-otorga-la-medalla-de-oro-al-merito-en-las-bellas-artes-a-juan-gomez-cornejo\/\" aria-label=\"Read more about La luz es un veh\u00edculo para contar historias de forma po\u00e9tica.\" tabindex=\"-1\" >\n\t\t\tLeer m\u00e1s \u00bb\t\t<\/a>\n\n\t\t\t\t<\/div>\n\t\t\t\t\t<\/div>\n\t\t<\/article>\n\t\t\t\t<article class=\"elementor-post elementor-grid-item post-8477 post type-post status-publish format-standard has-post-thumbnail hentry category-noticias\">\n\t\t\t<div class=\"elementor-post__card\">\n\t\t\t\t<a class=\"elementor-post__thumbnail__link\" href=\"https:\/\/gomezcornejo.com\/en\/el-teatro-real-despide-el-ano-con-una-nueva-produccion-de-rigoletto-de-giuseppe-verdi\/\" tabindex=\"-1\" ><div class=\"elementor-post__thumbnail\"><img loading=\"lazy\" decoding=\"async\" width=\"300\" height=\"200\" src=\"https:\/\/gomezcornejo.com\/wp-content\/uploads\/2024\/12\/fb495145-8279-4b13-84c8-e17007fa6911-300x200.jpg\" class=\"attachment-medium size-medium wp-image-8981\" alt=\"\" srcset=\"https:\/\/gomezcornejo.com\/wp-content\/uploads\/2024\/12\/fb495145-8279-4b13-84c8-e17007fa6911-300x200.jpg 300w, https:\/\/gomezcornejo.com\/wp-content\/uploads\/2024\/12\/fb495145-8279-4b13-84c8-e17007fa6911-1024x682.jpg 1024w, https:\/\/gomezcornejo.com\/wp-content\/uploads\/2024\/12\/fb495145-8279-4b13-84c8-e17007fa6911-768x512.jpg 768w, https:\/\/gomezcornejo.com\/wp-content\/uploads\/2024\/12\/fb495145-8279-4b13-84c8-e17007fa6911-18x12.jpg 18w, https:\/\/gomezcornejo.com\/wp-content\/uploads\/2024\/12\/fb495145-8279-4b13-84c8-e17007fa6911.jpg 1400w\" sizes=\"(max-width: 300px) 100vw, 300px\" \/><\/div><\/a>\n\t\t\t\t<div class=\"elementor-post__text\">\n\t\t\t\t<h3 class=\"elementor-post__title\">\n\t\t\t<a href=\"https:\/\/gomezcornejo.com\/en\/el-teatro-real-despide-el-ano-con-una-nueva-produccion-de-rigoletto-de-giuseppe-verdi\/\" >\n\t\t\t\tEl Ministerio de Cultura otorga la Medalla de Oro al M\u00e9rito en las Bellas Artes a Juan G\u00f3mez-Cornejo\t\t\t<\/a>\n\t\t<\/h3>\n\t\t\t\t<div class=\"elementor-post__excerpt\">\n\t\t\t<p>El Ministerio de Cultura otorga la Medalla de Oro al M\u00e9rito en las Bellas Artes a Juan G\u00f3mez-Cornejo.\u00a0 La iluminaci\u00f3n teatral en Espa\u00f1a comienza a<\/p>\n\t\t<\/div>\n\t\t\n\t\t<a class=\"elementor-post__read-more\" href=\"https:\/\/gomezcornejo.com\/en\/el-teatro-real-despide-el-ano-con-una-nueva-produccion-de-rigoletto-de-giuseppe-verdi\/\" aria-label=\"Read more about El Ministerio de Cultura otorga la Medalla de Oro al M\u00e9rito en las Bellas Artes a Juan G\u00f3mez-Cornejo\" tabindex=\"-1\" >\n\t\t\tLeer m\u00e1s \u00bb\t\t<\/a>\n\n\t\t\t\t<\/div>\n\t\t\t\t\t<\/div>\n\t\t<\/article>\n\t\t\t\t<\/div>\n\t\t\n\t\t\t\t<div class=\"e-load-more-anchor\" data-page=\"1\" data-max-page=\"5\" data-next-page=\"https:\/\/gomezcornejo.com\/en\/wp-json\/wp\/v2\/pages\/80\/page\/2\/\"><\/div>\n\t\t\t\t<nav class=\"elementor-pagination\" aria-label=\"Pagination\">\n\t\t\t<span aria-current=\"page\" class=\"page-numbers current\"><span class=\"elementor-screen-only\">Page<\/span>1<\/span>\n<a class=\"page-numbers\" href=\"https:\/\/gomezcornejo.com\/en\/wp-json\/wp\/v2\/pages\/80\/page\/2\/\"><span class=\"elementor-screen-only\">Page<\/span>2<\/a>\n<a class=\"page-numbers\" href=\"https:\/\/gomezcornejo.com\/en\/wp-json\/wp\/v2\/pages\/80\/page\/3\/\"><span class=\"elementor-screen-only\">Page<\/span>3<\/a>\n<a class=\"page-numbers\" href=\"https:\/\/gomezcornejo.com\/en\/wp-json\/wp\/v2\/pages\/80\/page\/4\/\"><span class=\"elementor-screen-only\">Page<\/span>4<\/a>\n<a class=\"page-numbers\" href=\"https:\/\/gomezcornejo.com\/en\/wp-json\/wp\/v2\/pages\/80\/page\/5\/\"><span class=\"elementor-screen-only\">Page<\/span>5<\/a>\t\t<\/nav>\n\t\t\t\t<\/div>\n\t\t\t\t<\/div>\n\t\t\t\t\t<\/div>\n\t\t<\/div>\n\t\t\t\t\t<\/div>\n\t\t<\/section>\n\t\t\t\t<\/div>","protected":false},"excerpt":{"rendered":"<p>NEWS<\/p>","protected":false},"author":1,"featured_media":0,"parent":0,"menu_order":0,"comment_status":"closed","ping_status":"closed","template":"elementor_header_footer","meta":{"footnotes":""},"class_list":["post-80","page","type-page","status-publish","hentry"],"_links":{"self":[{"href":"https:\/\/gomezcornejo.com\/en\/wp-json\/wp\/v2\/pages\/80","targetHints":{"allow":["GET"]}}],"collection":[{"href":"https:\/\/gomezcornejo.com\/en\/wp-json\/wp\/v2\/pages"}],"about":[{"href":"https:\/\/gomezcornejo.com\/en\/wp-json\/wp\/v2\/types\/page"}],"author":[{"embeddable":true,"href":"https:\/\/gomezcornejo.com\/en\/wp-json\/wp\/v2\/users\/1"}],"replies":[{"embeddable":true,"href":"https:\/\/gomezcornejo.com\/en\/wp-json\/wp\/v2\/comments?post=80"}],"version-history":[{"count":7,"href":"https:\/\/gomezcornejo.com\/en\/wp-json\/wp\/v2\/pages\/80\/revisions"}],"predecessor-version":[{"id":8949,"href":"https:\/\/gomezcornejo.com\/en\/wp-json\/wp\/v2\/pages\/80\/revisions\/8949"}],"wp:attachment":[{"href":"https:\/\/gomezcornejo.com\/en\/wp-json\/wp\/v2\/media?parent=80"}],"curies":[{"name":"wp","href":"https:\/\/api.w.org\/{rel}","templated":true}]}}